{"id":10,"date":"2026-03-10T13:10:05","date_gmt":"2026-03-10T13:10:05","guid":{"rendered":"https:\/\/testsbombers.com\/?page_id=10"},"modified":"2026-04-04T18:05:19","modified_gmt":"2026-04-04T18:05:19","slug":"inici","status":"publish","type":"page","link":"https:\/\/testsbombers.com\/","title":{"rendered":"Inici"},"content":{"rendered":"\t\t<div data-elementor-type=\"wp-post\" data-elementor-id=\"10\" class=\"elementor elementor-10\">\n\t\t\t\t<div class=\"elementor-element elementor-element-7dc0bbf e-flex e-con-boxed e-con e-parent\" data-id=\"7dc0bbf\" data-element_type=\"container\" data-e-type=\"container\">\n\t\t\t\t\t<div class=\"e-con-inner\">\n\t\t\t\t<div class=\"elementor-element elementor-element-b52d7da elementor-widget elementor-widget-shortcode\" data-id=\"b52d7da\" data-element_type=\"widget\" data-e-type=\"widget\" data-widget_type=\"shortcode.default\">\n\t\t\t\t\t\t\t<div class=\"elementor-shortcode\">Actualment hi ha 435 preguntes disponibles<\/div>\n\t\t\t\t\t\t<\/div>\n\t\t\t\t\t<\/div>\n\t\t\t\t<\/div>\n\t\t<div class=\"elementor-element elementor-element-fa54c3f e-flex e-con-boxed e-con e-parent\" data-id=\"fa54c3f\" data-element_type=\"container\" data-e-type=\"container\" data-settings=\"{&quot;background_background&quot;:&quot;classic&quot;}\">\n\t\t\t\t\t<div class=\"e-con-inner\">\n\t\t\t\t<div class=\"elementor-element elementor-element-80c6a9d elementor-align-justify elementor-widget elementor-widget-button\" data-id=\"80c6a9d\" data-element_type=\"widget\" data-e-type=\"widget\" data-widget_type=\"button.default\">\n\t\t\t\t\t\t\t\t\t\t<a class=\"elementor-button elementor-button-link elementor-size-sm\" href=\"https:\/\/testsbombers.com\/?page_id=86\">\n\t\t\t\t\t\t<span class=\"elementor-button-content-wrapper\">\n\t\t\t\t\t\t\t\t\t<span class=\"elementor-button-text\">Fer tests<\/span>\n\t\t\t\t\t<\/span>\n\t\t\t\t\t<\/a>\n\t\t\t\t\t\t\t\t<\/div>\n\t\t\t\t\t<\/div>\n\t\t\t\t<\/div>\n\t\t<div class=\"elementor-element elementor-element-d4d8e04 e-flex e-con-boxed e-con e-parent\" data-id=\"d4d8e04\" data-element_type=\"container\" data-e-type=\"container\" data-settings=\"{&quot;background_background&quot;:&quot;classic&quot;}\">\n\t\t\t\t\t<div class=\"e-con-inner\">\n\t\t\t\t<div class=\"elementor-element elementor-element-fb58d14 elementor-align-justify elementor-widget elementor-widget-button\" data-id=\"fb58d14\" data-element_type=\"widget\" data-e-type=\"widget\" data-widget_type=\"button.default\">\n\t\t\t\t\t\t\t\t\t\t<a class=\"elementor-button elementor-button-link elementor-size-sm\" href=\"https:\/\/testsbombers.com\/?page_id=105\">\n\t\t\t\t\t\t<span class=\"elementor-button-content-wrapper\">\n\t\t\t\t\t\t\t\t\t<span class=\"elementor-button-text\">Introduir preguntes<\/span>\n\t\t\t\t\t<\/span>\n\t\t\t\t\t<\/a>\n\t\t\t\t\t\t\t\t<\/div>\n\t\t\t\t\t<\/div>\n\t\t\t\t<\/div>\n\t\t<div class=\"elementor-element elementor-element-d19dc9e e-flex e-con-boxed e-con e-parent\" data-id=\"d19dc9e\" data-element_type=\"container\" data-e-type=\"container\" data-settings=\"{&quot;background_background&quot;:&quot;classic&quot;}\">\n\t\t\t\t\t<div class=\"e-con-inner\">\n\t\t\t\t<div class=\"elementor-element elementor-element-c8483bc elementor-align-justify elementor-widget elementor-widget-button\" data-id=\"c8483bc\" data-element_type=\"widget\" data-e-type=\"widget\" data-widget_type=\"button.default\">\n\t\t\t\t\t\t\t\t\t\t<a class=\"elementor-button elementor-button-link elementor-size-sm\" href=\"https:\/\/tests-mossos.com\/\">\n\t\t\t\t\t\t<span class=\"elementor-button-content-wrapper\">\n\t\t\t\t\t\t\t\t\t<span class=\"elementor-button-text\">Tests Mossos<\/span>\n\t\t\t\t\t<\/span>\n\t\t\t\t\t<\/a>\n\t\t\t\t\t\t\t\t<\/div>\n\t\t\t\t\t<\/div>\n\t\t\t\t<\/div>\n\t\t<div class=\"elementor-element elementor-element-f290952 e-flex e-con-boxed e-con e-parent\" data-id=\"f290952\" data-element_type=\"container\" data-e-type=\"container\">\n\t\t\t\t\t<div class=\"e-con-inner\">\n\t\t\t\t<div class=\"elementor-element elementor-element-0ce8361 elementor-widget elementor-widget-text-editor\" data-id=\"0ce8361\" data-element_type=\"widget\" data-e-type=\"widget\" data-widget_type=\"text-editor.default\">\n\t\t\t\t\t\t\t\t\t<p><strong>Benvingut\/da a la plataforma de tests per a les oposicions de Bombers de la Generalitat.<\/strong><\/p><p>Aquesta web neix amb una idea molt simple: que els mateixos opositors puguem ajudar-nos entre nosaltres. L\u2019objectiu \u00e9s crear un espai col\u00b7laboratiu on tothom pugui practicar amb preguntes de test de tots els temes del temari.<\/p><p>Qualsevol usuari pot proposar preguntes perqu\u00e8, entre tots, anem ampliant la base de tests i fent-la cada vegada m\u00e9s completa i \u00fatil per preparar l\u2019oposici\u00f3.<\/p><p>La plataforma est\u00e0 feta de manera totalment desinteressada. \u00c9s gratu\u00efta i ho continuar\u00e0 sent. La intenci\u00f3 \u00e9s facilitar l\u2019acc\u00e9s a recursos d\u2019estudi i intentar que preparar l\u2019oposici\u00f3 sigui m\u00e9s assequible per a tothom.<\/p><p>Amb el temps, la idea \u00e9s anar afegint m\u00e9s contingut \u00fatil, com apunts, materials de suport o altres recursos que puguin ajudar en la preparaci\u00f3.<\/p><p>Si participem tots, podem construir una eina realment \u00fatil per preparar les oposicions de bomber de la Generalitat.<\/p><p><strong>Entre tots, millorarem la preparaci\u00f3.<\/strong><\/p>\t\t\t\t\t\t\t\t<\/div>\n\t\t\t\t\t<\/div>\n\t\t\t\t<\/div>\n\t\t\t\t<\/div>\n\t\t","protected":false},"excerpt":{"rendered":"<p>Fer tests Introduir preguntes Tests Mossos Benvingut\/da a la plataforma de tests per a les oposicions de Bombers de la Generalitat. Aquesta web neix amb una idea molt simple: que els mateixos opositors puguem ajudar-nos entre nosaltres. L\u2019objectiu \u00e9s crear un espai col\u00b7laboratiu on tothom pugui practicar amb preguntes de test de tots els temes [&hellip;]<\/p>\n","protected":false},"author":1,"featured_media":0,"parent":0,"menu_order":0,"comment_status":"closed","ping_status":"closed","template":"","meta":{"footnotes":""},"class_list":["post-10","page","type-page","status-publish","hentry"],"_links":{"self":[{"href":"https:\/\/testsbombers.com\/index.php?rest_route=\/wp\/v2\/pages\/10","targetHints":{"allow":["GET"]}}],"collection":[{"href":"https:\/\/testsbombers.com\/index.php?rest_route=\/wp\/v2\/pages"}],"about":[{"href":"https:\/\/testsbombers.com\/index.php?rest_route=\/wp\/v2\/types\/page"}],"author":[{"embeddable":true,"href":"https:\/\/testsbombers.com\/index.php?rest_route=\/wp\/v2\/users\/1"}],"replies":[{"embeddable":true,"href":"https:\/\/testsbombers.com\/index.php?rest_route=%2Fwp%2Fv2%2Fcomments&post=10"}],"version-history":[{"count":26,"href":"https:\/\/testsbombers.com\/index.php?rest_route=\/wp\/v2\/pages\/10\/revisions"}],"predecessor-version":[{"id":572,"href":"https:\/\/testsbombers.com\/index.php?rest_route=\/wp\/v2\/pages\/10\/revisions\/572"}],"wp:attachment":[{"href":"https:\/\/testsbombers.com\/index.php?rest_route=%2Fwp%2Fv2%2Fmedia&parent=10"}],"curies":[{"name":"wp","href":"https:\/\/api.w.org\/{rel}","templated":true}]}}